{"id":6,"date":"2022-03-23T13:16:26","date_gmt":"2022-03-23T13:16:26","guid":{"rendered":"https:\/\/tutranquilo.com.mx\/?page_id=6"},"modified":"2026-02-28T21:25:55","modified_gmt":"2026-02-28T21:25:55","slug":"inicio","status":"publish","type":"page","link":"https:\/\/impresioneinstalaciondevinil.com.mx\/","title":{"rendered":"INICIO"},"content":{"rendered":"\t\t<div data-elementor-type=\"wp-page\" data-elementor-id=\"6\" class=\"elementor elementor-6\" data-elementor-post-type=\"page\">\n\t\t\t\t\t\t<section class=\"elementor-section elementor-top-section elementor-element elementor-element-694657e4 elementor-section-content-middle elementor-section-boxed elementor-section-height-default elementor-section-height-default\" data-id=\"694657e4\" data-element_type=\"section\" data-settings=\"{&quot;background_background&quot;:&quot;classic&quot;}\">\n\t\t\t\t\t\t<div class=\"elementor-container elementor-column-gap-no\">\n\t\t\t\t\t<div class=\"elementor-column elementor-col-50 elementor-top-column elementor-element elementor-element-1ec26bad\" data-id=\"1ec26bad\" data-element_type=\"column\">\n\t\t\t<div class=\"elementor-widget-wrap elementor-element-populated\">\n\t\t\t\t\t\t<div class=\"elementor-element elementor-element-8038116 elementor-widget elementor-widget-image\" data-id=\"8038116\" data-element_type=\"widget\" data-widget_type=\"image.default\">\n\t\t\t\t<div class=\"elementor-widget-container\">\n\t\t\t\t\t\t\t\t\t\t\t\t\t\t\t<img fetchpriority=\"high\" decoding=\"async\" width=\"300\" height=\"480\" src=\"https:\/\/impresioneinstalaciondevinil.com.mx\/wp-content\/uploads\/2022\/03\/rotulacion-de-negocio.jpg\" class=\"attachment-full size-full wp-image-49\" alt=\"\" srcset=\"https:\/\/impresioneinstalaciondevinil.com.mx\/wp-content\/uploads\/2022\/03\/rotulacion-de-negocio.jpg 300w, https:\/\/impresioneinstalaciondevinil.com.mx\/wp-content\/uploads\/2022\/03\/rotulacion-de-negocio-188x300.jpg 188w\" sizes=\"(max-width: 300px) 100vw, 300px\" \/>\t\t\t\t\t\t\t\t\t\t\t\t\t\t\t<\/div>\n\t\t\t\t<\/div>\n\t\t\t\t\t<\/div>\n\t\t<\/div>\n\t\t\t\t<div class=\"elementor-column elementor-col-50 elementor-top-column elementor-element elementor-element-58df654a\" data-id=\"58df654a\" data-element_type=\"column\">\n\t\t\t<div class=\"elementor-widget-wrap elementor-element-populated\">\n\t\t\t\t\t\t<div class=\"elementor-element elementor-element-5ffcb6cc elementor-widget elementor-widget-heading\" data-id=\"5ffcb6cc\" data-element_type=\"widget\" data-widget_type=\"heading.default\">\n\t\t\t\t<div class=\"elementor-widget-container\">\n\t\t\t\t\t<h4 class=\"elementor-heading-title elementor-size-default\">Somos una empresa especializada en impresi\u00f3n e instalaci\u00f3n de vinil en Ciudad de M\u00e9xico<\/h4>\t\t\t\t<\/div>\n\t\t\t\t<\/div>\n\t\t\t\t<div class=\"elementor-element elementor-element-2d83443f elementor-widget elementor-widget-text-editor\" data-id=\"2d83443f\" data-element_type=\"widget\" data-widget_type=\"text-editor.default\">\n\t\t\t\t<div class=\"elementor-widget-container\">\n\t\t\t\t\t\t\t\t\t<p>Ofrecemos impresi\u00f3n de vinil en CDMX y \u00e1rea metropolitana con un servicio profesional de instalaci\u00f3n. Escuchamos a cada cliente para brindar soluciones personalizadas en viniles adhesivos que transforman negocios y oficinas, siempre con el compromiso de entregar la mejor calidad en cada proyecto.<\/p><p>Trabajamos de la mano con arquitectos y especialistas en remodelaci\u00f3n comercial para crear viniles que transformen oficinas y fachadas de negocios.<\/p><p><em>Cotiza f\u00e1cilmente la impresi\u00f3n de vinil para tu negocio.<\/em><\/p><p>Nos sentimos orgullosos de mantener a nuestros clientes con los que iniciamos hasta el d\u00eda de hoy. Entendemos las necesidades antes e ofrecer una propuesta, porque para nosotros lo m\u00e1s importante son ustedes.<\/p><p class=\"pb-4 text-base font-medium uppercase tracking-widest text-[var(--accent3-color)] 2xl:text-lg\">Contamos con m\u00e1s de 15 a\u00f1os de experiencia ayudando a negocios y oficinas a mejorar su imagen, sus espacios de trabajo y sus ventas, a trav\u00e9s de viniles personalizados que transforman cada proyecto en una soluci\u00f3n visual efectiva.<\/p>\t\t\t\t\t\t\t\t<\/div>\n\t\t\t\t<\/div>\n\t\t\t\t\t<\/div>\n\t\t<\/div>\n\t\t\t\t\t<\/div>\n\t\t<\/section>\n\t\t\t\t<section class=\"elementor-section elementor-top-section elementor-element elementor-element-622458d5 elementor-section-content-middle elementor-reverse-mobile elementor-section-boxed elementor-section-height-default elementor-section-height-default\" data-id=\"622458d5\" data-element_type=\"section\">\n\t\t\t\t\t\t<div class=\"elementor-container elementor-column-gap-no\">\n\t\t\t\t\t<div class=\"elementor-column elementor-col-50 elementor-top-column elementor-element elementor-element-54095ace\" data-id=\"54095ace\" data-element_type=\"column\">\n\t\t\t<div class=\"elementor-widget-wrap elementor-element-populated\">\n\t\t\t\t\t\t<div class=\"elementor-element elementor-element-67527b30 elementor-widget elementor-widget-google_maps\" data-id=\"67527b30\" data-element_type=\"widget\" data-widget_type=\"google_maps.default\">\n\t\t\t\t<div class=\"elementor-widget-container\">\n\t\t\t\t\t\t\t<div class=\"elementor-custom-embed\">\n\t\t\t<iframe loading=\"lazy\"\n\t\t\t\t\tsrc=\"https:\/\/maps.google.com\/maps?q=Xola%201056%2C%20Narvarte%20Poniente%2C%20Benito%20Ju%C3%A1rez%2C%2003020%20Ciudad%20de%20M%C3%A9xico%2C%20CDMX&#038;t=m&#038;z=18&#038;output=embed&#038;iwloc=near\"\n\t\t\t\t\ttitle=\"Xola 1056, Narvarte Poniente, Benito Ju\u00e1rez, 03020 Ciudad de M\u00e9xico, CDMX\"\n\t\t\t\t\taria-label=\"Xola 1056, Narvarte Poniente, Benito Ju\u00e1rez, 03020 Ciudad de M\u00e9xico, CDMX\"\n\t\t\t><\/iframe>\n\t\t<\/div>\n\t\t\t\t\t\t<\/div>\n\t\t\t\t<\/div>\n\t\t\t\t\t<\/div>\n\t\t<\/div>\n\t\t\t\t<div class=\"elementor-column elementor-col-50 elementor-top-column elementor-element elementor-element-3541e405\" data-id=\"3541e405\" data-element_type=\"column\">\n\t\t\t<div class=\"elementor-widget-wrap elementor-element-populated\">\n\t\t\t\t\t\t<div class=\"elementor-element elementor-element-4fe4dd2f elementor-widget elementor-widget-heading\" data-id=\"4fe4dd2f\" data-element_type=\"widget\" data-widget_type=\"heading.default\">\n\t\t\t\t<div class=\"elementor-widget-container\">\n\t\t\t\t\t<h4 class=\"elementor-heading-title elementor-size-default\">Cont\u00e1ctanos<\/h4>\t\t\t\t<\/div>\n\t\t\t\t<\/div>\n\t\t\t\t<section class=\"elementor-section elementor-inner-section elementor-element elementor-element-5f264df8 elementor-section-boxed elementor-section-height-default elementor-section-height-default\" data-id=\"5f264df8\" data-element_type=\"section\">\n\t\t\t\t\t\t<div class=\"elementor-container elementor-column-gap-default\">\n\t\t\t\t\t<div class=\"elementor-column elementor-col-50 elementor-inner-column elementor-element elementor-element-3eee4ca4\" data-id=\"3eee4ca4\" data-element_type=\"column\">\n\t\t\t<div class=\"elementor-widget-wrap elementor-element-populated\">\n\t\t\t\t\t\t<div class=\"elementor-element elementor-element-7fb34134 elementor-widget elementor-widget-heading\" data-id=\"7fb34134\" data-element_type=\"widget\" data-widget_type=\"heading.default\">\n\t\t\t\t<div class=\"elementor-widget-container\">\n\t\t\t\t\t<div class=\"elementor-heading-title elementor-size-default\">DIRECCI\u00d3N<\/div>\t\t\t\t<\/div>\n\t\t\t\t<\/div>\n\t\t\t\t<div class=\"elementor-element elementor-element-3637b9e elementor-widget elementor-widget-text-editor\" data-id=\"3637b9e\" data-element_type=\"widget\" data-widget_type=\"text-editor.default\">\n\t\t\t\t<div class=\"elementor-widget-container\">\n\t\t\t\t\t\t\t\t\t<p>Xola 1056, Narvarte Poniente, Benito Ju\u00e1rez, 03020 Ciudad de M\u00e9xico, CDMX<\/p>\t\t\t\t\t\t\t\t<\/div>\n\t\t\t\t<\/div>\n\t\t\t\t\t<\/div>\n\t\t<\/div>\n\t\t\t\t<div class=\"elementor-column elementor-col-50 elementor-inner-column elementor-element elementor-element-59187caa\" data-id=\"59187caa\" data-element_type=\"column\">\n\t\t\t<div class=\"elementor-widget-wrap elementor-element-populated\">\n\t\t\t\t\t\t<div class=\"elementor-element elementor-element-1d55ad22 elementor-widget elementor-widget-heading\" data-id=\"1d55ad22\" data-element_type=\"widget\" data-widget_type=\"heading.default\">\n\t\t\t\t<div class=\"elementor-widget-container\">\n\t\t\t\t\t<div class=\"elementor-heading-title elementor-size-default\">WHATSAPP<\/div>\t\t\t\t<\/div>\n\t\t\t\t<\/div>\n\t\t\t\t<div class=\"elementor-element elementor-element-1a288523 elementor-widget elementor-widget-text-editor\" data-id=\"1a288523\" data-element_type=\"widget\" data-widget_type=\"text-editor.default\">\n\t\t\t\t<div class=\"elementor-widget-container\">\n\t\t\t\t\t\t\t\t\t<p>56 5696 2522<\/p>\t\t\t\t\t\t\t\t<\/div>\n\t\t\t\t<\/div>\n\t\t\t\t<div class=\"elementor-element elementor-element-37d88614 elementor-widget elementor-widget-text-editor\" data-id=\"37d88614\" data-element_type=\"widget\" data-widget_type=\"text-editor.default\">\n\t\t\t\t<div class=\"elementor-widget-container\">\n\t\t\t\t\t\t\t\t\t<p><span style=\"color: #222222; font-family: 'Google Sans', Roboto, RobotoDraft, Helvetica, Arial, sans-serif; font-size: 14px;\">asesor@tutranquilo.com.mx<\/span><\/p>\t\t\t\t\t\t\t\t<\/div>\n\t\t\t\t<\/div>\n\t\t\t\t\t<\/div>\n\t\t<\/div>\n\t\t\t\t\t<\/div>\n\t\t<\/section>\n\t\t\t\t<section class=\"elementor-section elementor-inner-section elementor-element elementor-element-538759ae elementor-section-boxed elementor-section-height-default elementor-section-height-default\" data-id=\"538759ae\" data-element_type=\"section\">\n\t\t\t\t\t\t<div class=\"elementor-container elementor-column-gap-default\">\n\t\t\t\t\t<div class=\"elementor-column elementor-col-50 elementor-inner-column elementor-element elementor-element-756a2287\" data-id=\"756a2287\" data-element_type=\"column\">\n\t\t\t<div class=\"elementor-widget-wrap elementor-element-populated\">\n\t\t\t\t\t\t<div class=\"elementor-element elementor-element-6e3b6b9a elementor-widget elementor-widget-heading\" data-id=\"6e3b6b9a\" data-element_type=\"widget\" data-widget_type=\"heading.default\">\n\t\t\t\t<div class=\"elementor-widget-container\">\n\t\t\t\t\t<div class=\"elementor-heading-title elementor-size-default\">TELEF\u00d3NO<\/div>\t\t\t\t<\/div>\n\t\t\t\t<\/div>\n\t\t\t\t<div class=\"elementor-element elementor-element-4bef48c3 elementor-widget elementor-widget-text-editor\" data-id=\"4bef48c3\" data-element_type=\"widget\" data-widget_type=\"text-editor.default\">\n\t\t\t\t<div class=\"elementor-widget-container\">\n\t\t\t\t\t\t\t\t\t<p>56 5696 2522<\/p>\t\t\t\t\t\t\t\t<\/div>\n\t\t\t\t<\/div>\n\t\t\t\t\t<\/div>\n\t\t<\/div>\n\t\t\t\t<div class=\"elementor-column elementor-col-50 elementor-inner-column elementor-element elementor-element-735a5962\" data-id=\"735a5962\" data-element_type=\"column\">\n\t\t\t<div class=\"elementor-widget-wrap elementor-element-populated\">\n\t\t\t\t\t\t<div class=\"elementor-element elementor-element-31849d11 elementor-widget elementor-widget-heading\" data-id=\"31849d11\" data-element_type=\"widget\" data-widget_type=\"heading.default\">\n\t\t\t\t<div class=\"elementor-widget-container\">\n\t\t\t\t\t<div class=\"elementor-heading-title elementor-size-default\">S\u00cdGUENOS<\/div>\t\t\t\t<\/div>\n\t\t\t\t<\/div>\n\t\t\t\t<div class=\"elementor-element elementor-element-2e1d459 elementor-shape-square e-grid-align-left elementor-grid-0 elementor-widget elementor-widget-social-icons\" data-id=\"2e1d459\" data-element_type=\"widget\" data-widget_type=\"social-icons.default\">\n\t\t\t\t<div class=\"elementor-widget-container\">\n\t\t\t\t\t\t\t<div class=\"elementor-social-icons-wrapper elementor-grid\" role=\"list\">\n\t\t\t\t\t\t\t<span class=\"elementor-grid-item\" role=\"listitem\">\n\t\t\t\t\t<a class=\"elementor-icon elementor-social-icon elementor-social-icon-facebook-f elementor-animation-grow elementor-repeater-item-2d0da0c\" href=\"https:\/\/www.facebook.com\/Tu-Tranquilo-394729140961831\/\" target=\"_blank\">\n\t\t\t\t\t\t<span class=\"elementor-screen-only\">Facebook-f<\/span>\n\t\t\t\t\t\t<i aria-hidden=\"true\" class=\"fab fa-facebook-f\"><\/i>\t\t\t\t\t<\/a>\n\t\t\t\t<\/span>\n\t\t\t\t\t\t\t<span class=\"elementor-grid-item\" role=\"listitem\">\n\t\t\t\t\t<a class=\"elementor-icon elementor-social-icon elementor-social-icon-instagram elementor-animation-grow elementor-repeater-item-9cdf0c2\" href=\"https:\/\/www.instagram.com\/tutranquilopublicidad\/\" target=\"_blank\">\n\t\t\t\t\t\t<span class=\"elementor-screen-only\">Instagram<\/span>\n\t\t\t\t\t\t<i aria-hidden=\"true\" class=\"fab fa-instagram\"><\/i>\t\t\t\t\t<\/a>\n\t\t\t\t<\/span>\n\t\t\t\t\t<\/div>\n\t\t\t\t\t\t<\/div>\n\t\t\t\t<\/div>\n\t\t\t\t\t<\/div>\n\t\t<\/div>\n\t\t\t\t\t<\/div>\n\t\t<\/section>\n\t\t\t\t\t<\/div>\n\t\t<\/div>\n\t\t\t\t\t<\/div>\n\t\t<\/section>\n\t\t\t\t<\/div>\n\t\t","protected":false},"excerpt":{"rendered":"<p>Somos una empresa especializada en impresi\u00f3n e instalaci\u00f3n de vinil en Ciudad de M\u00e9xico Ofrecemos impresi\u00f3n de vinil en CDMX y \u00e1rea metropolitana con un servicio profesional de instalaci\u00f3n. Escuchamos a cada cliente para brindar soluciones personalizadas en viniles adhesivos que transforman negocios y oficinas, siempre con el compromiso de entregar la mejor calidad en &hellip;<\/p>\n<p class=\"read-more\"> <a class=\"\" href=\"https:\/\/impresioneinstalaciondevinil.com.mx\/\"> <span class=\"screen-reader-text\">INICIO<\/span> Leer m\u00e1s &raquo;<\/a><\/p>\n","protected":false},"author":1,"featured_media":0,"parent":0,"menu_order":0,"comment_status":"closed","ping_status":"closed","template":"","meta":{"site-sidebar-layout":"no-sidebar","site-content-layout":"page-builder","ast-main-header-display":"","ast-hfb-above-header-display":"","ast-hfb-below-header-display":"","ast-hfb-mobile-header-display":"","site-post-title":"disabled","ast-breadcrumbs-content":"","ast-featured-img":"disabled","footer-sml-layout":"","theme-transparent-header-meta":"","adv-header-id-meta":"","stick-header-meta":"","header-above-stick-meta":"","header-main-stick-meta":"","header-below-stick-meta":"","_joinchat":[],"footnotes":""},"class_list":["post-6","page","type-page","status-publish","hentry"],"_links":{"self":[{"href":"https:\/\/impresioneinstalaciondevinil.com.mx\/index.php\/wp-json\/wp\/v2\/pages\/6","targetHints":{"allow":["GET"]}}],"collection":[{"href":"https:\/\/impresioneinstalaciondevinil.com.mx\/index.php\/wp-json\/wp\/v2\/pages"}],"about":[{"href":"https:\/\/impresioneinstalaciondevinil.com.mx\/index.php\/wp-json\/wp\/v2\/types\/page"}],"author":[{"embeddable":true,"href":"https:\/\/impresioneinstalaciondevinil.com.mx\/index.php\/wp-json\/wp\/v2\/users\/1"}],"replies":[{"embeddable":true,"href":"https:\/\/impresioneinstalaciondevinil.com.mx\/index.php\/wp-json\/wp\/v2\/comments?post=6"}],"version-history":[{"count":117,"href":"https:\/\/impresioneinstalaciondevinil.com.mx\/index.php\/wp-json\/wp\/v2\/pages\/6\/revisions"}],"predecessor-version":[{"id":997,"href":"https:\/\/impresioneinstalaciondevinil.com.mx\/index.php\/wp-json\/wp\/v2\/pages\/6\/revisions\/997"}],"wp:attachment":[{"href":"https:\/\/impresioneinstalaciondevinil.com.mx\/index.php\/wp-json\/wp\/v2\/media?parent=6"}],"curies":[{"name":"wp","href":"https:\/\/api.w.org\/{rel}","templated":true}]}}